{"id":122,"date":"2023-12-14T14:11:40","date_gmt":"2023-12-14T13:11:40","guid":{"rendered":"https:\/\/psychotherapievalence.wordpress.com\/?page_id=122"},"modified":"2024-01-22T10:42:57","modified_gmt":"2024-01-22T09:42:57","slug":"mentions-legales","status":"publish","type":"page","link":"https:\/\/xn--psychothrapie-valence-i5b.fr\/index.php\/mentions-legales\/","title":{"rendered":"Mentions l\u00e9gales"},"content":{"rendered":"<nav class=\"is-responsive alignfull wp-block-navigation is-layout-flex wp-block-navigation-is-layout-flex\" aria-label=\"menu normalement principal Accueil\" \n\t\t data-wp-interactive=\"core\/navigation\" data-wp-context='{\"overlayOpenedBy\":{\"click\":false,\"hover\":false,\"focus\":false},\"type\":\"overlay\",\"roleAttribute\":\"\",\"ariaLabel\":\"Menu\"}'><button aria-haspopup=\"dialog\" aria-label=\"Ouvrir le menu\" class=\"wp-block-navigation__responsive-container-open \" \n\t\t\t\tdata-wp-on--click=\"actions.openMenuOnClick\"\n\t\t\t\tdata-wp-on--keydown=\"actions.handleMenuKeydown\"\n\t\t\t><svg width=\"24\" height=\"24\" xmlns=\"http:\/\/www.w3.org\/2000\/svg\" viewBox=\"0 0 24 24\" aria-hidden=\"true\" focusable=\"false\"><rect x=\"4\" y=\"7.5\" width=\"16\" height=\"1.5\" \/><rect x=\"4\" y=\"15\" width=\"16\" height=\"1.5\" \/><\/svg><\/button>\n\t\t\t\t<div class=\"wp-block-navigation__responsive-container  \" style=\"\" id=\"modal-1\" \n\t\t\t\tdata-wp-class--has-modal-open=\"state.isMenuOpen\"\n\t\t\t\tdata-wp-class--is-menu-open=\"state.isMenuOpen\"\n\t\t\t\tdata-wp-watch=\"callbacks.initMenu\"\n\t\t\t\tdata-wp-on--keydown=\"actions.handleMenuKeydown\"\n\t\t\t\tdata-wp-on--focusout=\"actions.handleMenuFocusout\"\n\t\t\t\ttabindex=\"-1\"\n\t\t\t>\n\t\t\t\t\t<div class=\"wp-block-navigation__responsive-close\" tabindex=\"-1\">\n\t\t\t\t\t\t<div class=\"wp-block-navigation__responsive-dialog\" \n\t\t\t\tdata-wp-bind--aria-modal=\"state.ariaModal\"\n\t\t\t\tdata-wp-bind--aria-label=\"state.ariaLabel\"\n\t\t\t\tdata-wp-bind--role=\"state.roleAttribute\"\n\t\t\t>\n\t\t\t\t\t\t\t<button aria-label=\"Fermer le menu\" class=\"wp-block-navigation__responsive-container-close\" \n\t\t\t\tdata-wp-on--click=\"actions.closeMenuOnClick\"\n\t\t\t><svg xmlns=\"http:\/\/www.w3.org\/2000\/svg\" viewBox=\"0 0 24 24\" width=\"24\" height=\"24\" aria-hidden=\"true\" focusable=\"false\"><path d=\"M13 11.8l6.1-6.3-1-1-6.1 6.2-6.1-6.2-1 1 6.1 6.3-6.5 6.7 1 1 6.5-6.6 6.5 6.6 1-1z\"><\/path><\/svg><\/button>\n\t\t\t\t\t\t\t<div class=\"wp-block-navigation__responsive-container-content\" \n\t\t\t\tdata-wp-watch=\"callbacks.focusFirstElement\"\n\t\t\t id=\"modal-1-content\">\n\t\t\t\t\t\t\t\t<ul class=\"wp-block-navigation__container is-responsive alignfull wp-block-navigation\"><li class=\"wp-block-navigation-item\"><div class=\"wp-block-site-logo\"><a href=\"https:\/\/xn--psychothrapie-valence-i5b.fr\/\" class=\"custom-logo-link\" rel=\"home\"><img decoding=\"async\" width=\"73\" height=\"54\" src=\"https:\/\/xn--psychothrapie-valence-i5b.fr\/wp-content\/uploads\/2023\/12\/illustration_sans_titre-edited.png\" class=\"custom-logo\" alt=\" Ma\u00eblle Psychopraticienne certifi\u00e9e\" srcset=\"https:\/\/xn--psychothrapie-valence-i5b.fr\/wp-content\/uploads\/2023\/12\/illustration_sans_titre-edited.png 751w, https:\/\/xn--psychothrapie-valence-i5b.fr\/wp-content\/uploads\/2023\/12\/illustration_sans_titre-edited-300x225.png 300w\" sizes=\"(max-width: 73px) 100vw, 73px\" \/><\/a><\/div><\/li><li class=\"wp-block-navigation-item\"><h1 class=\"wp-block-site-title\"><a href=\"https:\/\/xn--psychothrapie-valence-i5b.fr\" target=\"_self\" rel=\"home\"> Ma\u00eblle Psychopraticienne certifi\u00e9e<\/a><\/h1><\/li><li data-wp-context=\"{ &quot;submenuOpenedBy&quot;: { &quot;click&quot;: false, &quot;hover&quot;: false, &quot;focus&quot;: false }, &quot;type&quot;: &quot;submenu&quot; }\" data-wp-interactive=\"core\/navigation\" data-wp-on--focusout=\"actions.handleMenuFocusout\" data-wp-on--keydown=\"actions.handleMenuKeydown\" data-wp-on--mouseenter=\"actions.openMenuOnHover\" data-wp-on--mouseleave=\"actions.closeMenuOnHover\" data-wp-watch=\"callbacks.initMenu\" tabindex=\"-1\" class=\" wp-block-navigation-item has-child open-on-hover-click wp-block-navigation-submenu\"><a class=\"wp-block-navigation-item__content\" href=\"https:\/\/psychoth\u00e9rapie-valence.fr\/index.php\/entamer-une-psychotherapie\/\">Entamer une psychoth\u00e9rapie ?<\/a><button data-wp-bind--aria-expanded=\"state.isMenuOpen\" data-wp-on--click=\"actions.toggleMenuOnClick\" aria-label=\"Sous-menu Entamer une psychoth\u00e9rapie ?\" class=\"wp-block-navigation__submenu-icon wp-block-navigation-submenu__toggle\" ><svg xmlns=\"http:\/\/www.w3.org\/2000\/svg\" width=\"12\" height=\"12\" viewBox=\"0 0 12 12\" fill=\"none\" aria-hidden=\"true\" focusable=\"false\"><path d=\"M1.50002 4L6.00002 8L10.5 4\" stroke-width=\"1.5\"><\/path><\/svg><\/button><ul data-wp-on--focus=\"actions.openMenuOnFocus\" class=\"wp-block-navigation__submenu-container has-text-color has-contrast-color wp-block-navigation-submenu has-text-color has-contrast-color\"><li class=\" wp-block-navigation-item wp-block-navigation-link\"><a class=\"wp-block-navigation-item__content\"  href=\"https:\/\/xn--psychothrapie-valence-i5b.fr\/index.php\/cest-quoi-lapproche-existentielle-en-psychotherapie\/\"><span class=\"wp-block-navigation-item__label\">C\u2019est quoi l\u2019approche existentielle en psychoth\u00e9rapie ?<\/span><\/a><\/li><\/ul><\/li><li class=\" wp-block-navigation-item wp-block-navigation-link\"><a class=\"wp-block-navigation-item__content\"  href=\"https:\/\/xn--psychothrapie-valence-i5b.fr\/index.php\/prise-de-contact\/\"><span class=\"wp-block-navigation-item__label\">Comment prendre RDV?<\/span><\/a><\/li><li data-wp-context=\"{ &quot;submenuOpenedBy&quot;: { &quot;click&quot;: false, &quot;hover&quot;: false, &quot;focus&quot;: false }, &quot;type&quot;: &quot;submenu&quot; }\" data-wp-interactive=\"core\/navigation\" data-wp-on--focusout=\"actions.handleMenuFocusout\" data-wp-on--keydown=\"actions.handleMenuKeydown\" data-wp-on--mouseenter=\"actions.openMenuOnHover\" data-wp-on--mouseleave=\"actions.closeMenuOnHover\" data-wp-watch=\"callbacks.initMenu\" tabindex=\"-1\" class=\" wp-block-navigation-item has-child open-on-hover-click wp-block-navigation-submenu has-text-color has-contrast-color\"><a class=\"wp-block-navigation-item__content\" href=\"https:\/\/xn--psychothrapie-valence-i5b.fr\/index.php\/qui-suis-je\/\">Qui suis-je ?<\/a><button data-wp-bind--aria-expanded=\"state.isMenuOpen\" data-wp-on--click=\"actions.toggleMenuOnClick\" aria-label=\"Sous-menu Qui suis-je ?\" class=\"wp-block-navigation__submenu-icon wp-block-navigation-submenu__toggle\" ><svg xmlns=\"http:\/\/www.w3.org\/2000\/svg\" width=\"12\" height=\"12\" viewBox=\"0 0 12 12\" fill=\"none\" aria-hidden=\"true\" focusable=\"false\"><path d=\"M1.50002 4L6.00002 8L10.5 4\" stroke-width=\"1.5\"><\/path><\/svg><\/button><ul data-wp-on--focus=\"actions.openMenuOnFocus\" class=\"wp-block-navigation__submenu-container has-text-color has-contrast-color wp-block-navigation-submenu has-text-color has-contrast-color\"><li class=\" wp-block-navigation-item wp-block-navigation-link\"><a class=\"wp-block-navigation-item__content\"  href=\"https:\/\/xn--psychothrapie-valence-i5b.fr\/index.php\/ethique-et-deontologie\/\"><span class=\"wp-block-navigation-item__label\">\u00c9thique et D\u00e9ontologie<\/span><\/a><\/li><\/ul><\/li><li class=\" wp-block-navigation-item wp-block-navigation-link\"><a class=\"wp-block-navigation-item__content\"  href=\"https:\/\/xn--psychothrapie-valence-i5b.fr\/index.php\/mentions-legales\/\"><span class=\"wp-block-navigation-item__label\">Mentions l\u00e9gales<\/span><\/a><\/li><\/ul>\n\t\t\t\t\t\t\t<\/div>\n\t\t\t\t\t\t<\/div>\n\t\t\t\t\t<\/div>\n\t\t\t\t<\/div><\/nav>\n\n\n<hr class=\"wp-block-separator alignfull has-text-color has-alpha-channel-opacity has-background\" style=\"background-color:#f33d5b;color:#f33d5b\"\/>\n\n\n\n<div style=\"height:23px\" aria-hidden=\"true\" class=\"wp-block-spacer\"><\/div>\n\n\n\n<div class=\"wp-block-group alignwide has-global-padding is-layout-constrained wp-block-group-is-layout-constrained\" style=\"padding-top:var(--wp--preset--spacing--70);padding-right:var(--wp--preset--spacing--50);padding-bottom:var(--wp--preset--spacing--70);padding-left:var(--wp--preset--spacing--50)\">\n<div class=\"wp-block-group alignwide is-vertical is-layout-flex wp-container-core-group-is-layout-1 wp-block-group-is-layout-flex\" style=\"margin-bottom:var(--wp--preset--spacing--80)\">\n<h3 class=\"wp-block-heading has-text-align-center\">Avis l\u00e9gaux<\/h3>\n<\/div>\n<\/div>\n\n\n\n<div class=\"wp-block-columns alignwide is-layout-flex wp-container-core-columns-is-layout-1 wp-block-columns-is-layout-flex\" style=\"padding-top:var(--wp--preset--spacing--20);padding-right:var(--wp--preset--spacing--50);padding-bottom:var(--wp--preset--spacing--20);padding-left:var(--wp--preset--spacing--50)\">\n<div class=\"wp-block-column is-vertically-aligned-stretch is-layout-flow wp-block-column-is-layout-flow\" style=\"flex-basis:33.33%\">\n<h3 class=\"wp-block-heading has-text-align-left is-style-asterisk has-medium-font-size\"><strong>Mes coordonn\u00e9es&nbsp;?<\/strong><\/h3>\n\n\n\n<p class=\"has-medium-font-size\">Ma\u00eblle Marchand<br>maelle.marchand@gmail.com<br>0781588455<br>SIRET 98126357700018<br>H\u00e9bergeur du site :<br>Hostinger International Ltd.<br>61 Rue Lordou Vironos, 6023<\/p>\n\n\n\n<h3 class=\"wp-block-heading has-medium-font-size\"><\/h3>\n<\/div>\n\n\n\n<div class=\"wp-block-column is-vertically-aligned-stretch is-layout-flow wp-block-column-is-layout-flow\" style=\"padding-top:0;padding-right:0;padding-bottom:0;padding-left:0;flex-basis:66.66%\">\n<h3 class=\"wp-block-heading is-style-asterisk has-medium-font-size\"><strong>Mode de traitement des donn\u00e9es personnelles&nbsp;?<\/strong><\/h3>\n\n\n\n<p class=\"has-medium-font-size\">Lorsque vous visitez le site www.psychoth\u00e9rapie-valence.fr, vous le faites de mani\u00e8re anonyme. Aucune information personnelle n\u2019est recueillie. Toutefois, dans certaines parties de nos sites Web, vous pouvez \u00eatre invit\u00e9 \u00e0 nous communiquer volontairement des informations personnelles telles que votre nom, votre adresse de courrier \u00e9lectronique, \u00e0 des fins de correspondance. Aucun fichier d\u2019adresses techniques (IP) n\u2019est constitu\u00e9 \u00e0 partir de vos donn\u00e9es de navigation en ligne, qui sont anonymis\u00e9es automatiquement (je n\u2019y ai pas acc\u00e8s) avant traitement statistique.<\/p>\n<\/div>\n<\/div>\n\n\n\n<hr class=\"wp-block-separator alignwide has-text-color has-accent-5-color has-alpha-channel-opacity has-accent-5-background-color has-background is-style-dots\"\/>\n\n\n\n<hr class=\"wp-block-separator alignfull has-text-color has-accent-5-color has-alpha-channel-opacity has-accent-5-background-color has-background\"\/>\n\n\n\n<h3 class=\"wp-block-heading has-text-align-center is-style-asterisk\"><strong>Je m\u2019engage, conform\u00e9ment au RGPD, sur le respect et la protection de vos donn\u00e9es personnelles :<\/strong><\/h3>\n\n\n\n<div style=\"height:23px\" aria-hidden=\"true\" class=\"wp-block-spacer\"><\/div>\n\n\n\n<div class=\"wp-block-columns alignfull is-layout-flex wp-container-core-columns-is-layout-2 wp-block-columns-is-layout-flex\" style=\"padding-top:0;padding-right:var(--wp--preset--spacing--40);padding-bottom:0;padding-left:var(--wp--preset--spacing--40)\">\n<div class=\"wp-block-column is-layout-flow wp-block-column-is-layout-flow\" style=\"flex-basis:50%\">\n<ul>\n<li class=\"has-medium-font-size\">Les donn\u00e9es que je collecte sur les consultants sont ad\u00e9quates, pertinentes et limit\u00e9es<br>\u00e0 ce qui est strictement n\u00e9cessaire \u00e0 la prise en charge du consultant au titre des<br>activit\u00e9s de pr\u00e9vention, de diagnostic et de soins.<\/li>\n\n\n\n<li class=\"has-medium-font-size\">Je limite l\u2019acc\u00e8s aux donn\u00e9es (fiche) des consultants : aucune autre personne ou<br>organisme ne sont autoris\u00e9s \u00e0 y acc\u00e9der, sauf ceux que la loi y autorise.<\/li>\n\n\n\n<li class=\"has-medium-font-size\">Une information portant sur le traitement de donn\u00e9es que j\u2019effectue pour la prise en charge des consultants est disponible en version papier sur demande.<\/li>\n<\/ul>\n<\/div>\n\n\n\n<div class=\"wp-block-column is-layout-flow wp-block-column-is-layout-flow\" style=\"flex-basis:50%\">\n<ul>\n<li class=\"has-medium-font-size\">Je n\u2019ai pas besoin de recueillir le consentement des consultants pour collecter et conserver les donn\u00e9es de sant\u00e9 les concernant, cependant \u00e0 chaque entretien je les informe de ma prise de note, limit\u00e9e au stricte n\u00e9cessaire et \u00e0 la confidentialit\u00e9 de nos \u00e9changes.En application de la loi du 11 mars 1957 (art. 41) et du code de la propri\u00e9t\u00e9 intellectuelle du 1er juillet 1992, toute reproduction partielle ou totale \u00e0 usage collectif est strictement interdite sans autorisation de la soci\u00e9t\u00e9 CFMV. Les logos, visuels et marques pr\u00e9sents surce site sont la propri\u00e9t\u00e9 de leurs d\u00e9tenteurs respectifs. Ce site peut, \u00e0 son insu, avoir \u00e9t\u00e9reli\u00e9 \u00e0 d\u2019autres sites par le biais de liens hypertextes. L\u2019\u00e9diteur d\u00e9cline toute responsabilit\u00e9 pour les informations pr\u00e9sent\u00e9es sur ces autres sites. L\u2019internaute reconna\u00eet que l\u2019utilisation du pr\u00e9sent site est r\u00e9gie <\/li>\n<\/ul>\n<\/div>\n<\/div>\n\n\n\n<p><\/p>\n\n\n\n<div style=\"height:100px\" aria-hidden=\"true\" class=\"wp-block-spacer\"><\/div>\n\n\n","protected":false},"excerpt":{"rendered":"<p>Avis l\u00e9gaux Mes coordonn\u00e9es&nbsp;? Ma\u00eblle Marchandmaelle.marchand@gmail.com0781588455SIRET 98126357700018H\u00e9bergeur du site :Hostinger International Ltd.61 Rue Lordou Vironos, 6023 Mode de traitement des donn\u00e9es personnelles&nbsp;? Lorsque vous visitez le site www.psychoth\u00e9rapie-valence.fr, vous le faites de mani\u00e8re anonyme. Aucune information personnelle n\u2019est recueillie. Toutefois, dans certaines parties de nos sites Web, vous pouvez \u00eatre invit\u00e9 \u00e0 nous communiquer volontairement [&hellip;]<\/p>\n","protected":false},"author":1,"featured_media":0,"parent":0,"menu_order":5,"comment_status":"closed","ping_status":"closed","template":"","meta":{"_monsterinsights_skip_tracking":false,"_monsterinsights_sitenote_active":false,"_monsterinsights_sitenote_note":"","_monsterinsights_sitenote_category":0,"footnotes":""},"class_list":["post-122","page","type-page","status-publish","hentry"],"yoast_head":"<!-- This site is optimized with the Yoast SEO plugin v22.4 - https:\/\/yoast.com\/wordpress\/plugins\/seo\/ -->\n<title>Mentions l\u00e9gales - Ma\u00eblle Psychopraticienne certifi\u00e9e<\/title>\n<meta name=\"robots\" content=\"index, follow, max-snippet:-1, max-image-preview:large, max-video-preview:-1\" \/>\n<link rel=\"canonical\" href=\"https:\/\/xn--psychothrapie-valence-i5b.fr\/index.php\/mentions-legales\/\" \/>\n<meta property=\"og:locale\" content=\"fr_FR\" \/>\n<meta property=\"og:type\" content=\"article\" \/>\n<meta property=\"og:title\" content=\"Mentions l\u00e9gales - Ma\u00eblle Psychopraticienne certifi\u00e9e\" \/>\n<meta property=\"og:description\" content=\"Avis l\u00e9gaux Mes coordonn\u00e9es&nbsp;? Ma\u00eblle Marchandmaelle.marchand@gmail.com0781588455SIRET 98126357700018H\u00e9bergeur du site :Hostinger International Ltd.61 Rue Lordou Vironos, 6023 Mode de traitement des donn\u00e9es personnelles&nbsp;? Lorsque vous visitez le site www.psychoth\u00e9rapie-valence.fr, vous le faites de mani\u00e8re anonyme. Aucune information personnelle n\u2019est recueillie. Toutefois, dans certaines parties de nos sites Web, vous pouvez \u00eatre invit\u00e9 \u00e0 nous communiquer volontairement [&hellip;]\" \/>\n<meta property=\"og:url\" content=\"https:\/\/xn--psychothrapie-valence-i5b.fr\/index.php\/mentions-legales\/\" \/>\n<meta property=\"og:site_name\" content=\"Ma\u00eblle Psychopraticienne certifi\u00e9e\" \/>\n<meta property=\"article:modified_time\" content=\"2024-01-22T09:42:57+00:00\" \/>\n<meta name=\"twitter:card\" content=\"summary_large_image\" \/>\n<meta name=\"twitter:label1\" content=\"Dur\u00e9e de lecture estim\u00e9e\" \/>\n\t<meta name=\"twitter:data1\" content=\"2 minutes\" \/>\n<script type=\"application\/ld+json\" class=\"yoast-schema-graph\">{\"@context\":\"https:\/\/schema.org\",\"@graph\":[{\"@type\":\"WebPage\",\"@id\":\"https:\/\/xn--psychothrapie-valence-i5b.fr\/index.php\/mentions-legales\/\",\"url\":\"https:\/\/xn--psychothrapie-valence-i5b.fr\/index.php\/mentions-legales\/\",\"name\":\"Mentions l\u00e9gales - Ma\u00eblle Psychopraticienne certifi\u00e9e\",\"isPartOf\":{\"@id\":\"https:\/\/xn--psychothrapie-valence-i5b.fr\/#website\"},\"datePublished\":\"2023-12-14T13:11:40+00:00\",\"dateModified\":\"2024-01-22T09:42:57+00:00\",\"breadcrumb\":{\"@id\":\"https:\/\/xn--psychothrapie-valence-i5b.fr\/index.php\/mentions-legales\/#breadcrumb\"},\"inLanguage\":\"fr-FR\",\"potentialAction\":[{\"@type\":\"ReadAction\",\"target\":[\"https:\/\/xn--psychothrapie-valence-i5b.fr\/index.php\/mentions-legales\/\"]}]},{\"@type\":\"BreadcrumbList\",\"@id\":\"https:\/\/xn--psychothrapie-valence-i5b.fr\/index.php\/mentions-legales\/#breadcrumb\",\"itemListElement\":[{\"@type\":\"ListItem\",\"position\":1,\"name\":\"Accueil\",\"item\":\"https:\/\/xn--psychothrapie-valence-i5b.fr\/\"},{\"@type\":\"ListItem\",\"position\":2,\"name\":\"Mentions l\u00e9gales\"}]},{\"@type\":\"WebSite\",\"@id\":\"https:\/\/xn--psychothrapie-valence-i5b.fr\/#website\",\"url\":\"https:\/\/xn--psychothrapie-valence-i5b.fr\/\",\"name\":\"Ma\u00eblle Psychopraticienne certifi\u00e9e\",\"description\":\"\",\"publisher\":{\"@id\":\"https:\/\/xn--psychothrapie-valence-i5b.fr\/#\/schema\/person\/221ae9dcd07fc25115b495a02707a9c9\"},\"potentialAction\":[{\"@type\":\"SearchAction\",\"target\":{\"@type\":\"EntryPoint\",\"urlTemplate\":\"https:\/\/xn--psychothrapie-valence-i5b.fr\/?s={search_term_string}\"},\"query-input\":\"required name=search_term_string\"}],\"inLanguage\":\"fr-FR\"},{\"@type\":[\"Person\",\"Organization\"],\"@id\":\"https:\/\/xn--psychothrapie-valence-i5b.fr\/#\/schema\/person\/221ae9dcd07fc25115b495a02707a9c9\",\"name\":\"xn--psychothrapie-valence-i5b.fr\",\"image\":{\"@type\":\"ImageObject\",\"inLanguage\":\"fr-FR\",\"@id\":\"https:\/\/xn--psychothrapie-valence-i5b.fr\/#\/schema\/person\/image\/\",\"url\":\"https:\/\/xn--psychothrapie-valence-i5b.fr\/wp-content\/uploads\/2023\/12\/illustration_sans_titre-edited.png\",\"contentUrl\":\"https:\/\/xn--psychothrapie-valence-i5b.fr\/wp-content\/uploads\/2023\/12\/illustration_sans_titre-edited.png\",\"width\":751,\"height\":563,\"caption\":\"xn--psychothrapie-valence-i5b.fr\"},\"logo\":{\"@id\":\"https:\/\/xn--psychothrapie-valence-i5b.fr\/#\/schema\/person\/image\/\"},\"sameAs\":[\"https:\/\/xn--psychothrapie-valence-i5b.fr\"]}]}<\/script>\n<!-- \/ Yoast SEO plugin. -->","yoast_head_json":{"title":"Mentions l\u00e9gales - Ma\u00eblle Psychopraticienne certifi\u00e9e","robots":{"index":"index","follow":"follow","max-snippet":"max-snippet:-1","max-image-preview":"max-image-preview:large","max-video-preview":"max-video-preview:-1"},"canonical":"https:\/\/xn--psychothrapie-valence-i5b.fr\/index.php\/mentions-legales\/","og_locale":"fr_FR","og_type":"article","og_title":"Mentions l\u00e9gales - Ma\u00eblle Psychopraticienne certifi\u00e9e","og_description":"Avis l\u00e9gaux Mes coordonn\u00e9es&nbsp;? Ma\u00eblle Marchandmaelle.marchand@gmail.com0781588455SIRET 98126357700018H\u00e9bergeur du site :Hostinger International Ltd.61 Rue Lordou Vironos, 6023 Mode de traitement des donn\u00e9es personnelles&nbsp;? Lorsque vous visitez le site www.psychoth\u00e9rapie-valence.fr, vous le faites de mani\u00e8re anonyme. Aucune information personnelle n\u2019est recueillie. Toutefois, dans certaines parties de nos sites Web, vous pouvez \u00eatre invit\u00e9 \u00e0 nous communiquer volontairement [&hellip;]","og_url":"https:\/\/xn--psychothrapie-valence-i5b.fr\/index.php\/mentions-legales\/","og_site_name":"Ma\u00eblle Psychopraticienne certifi\u00e9e","article_modified_time":"2024-01-22T09:42:57+00:00","twitter_card":"summary_large_image","twitter_misc":{"Dur\u00e9e de lecture estim\u00e9e":"2 minutes"},"schema":{"@context":"https:\/\/schema.org","@graph":[{"@type":"WebPage","@id":"https:\/\/xn--psychothrapie-valence-i5b.fr\/index.php\/mentions-legales\/","url":"https:\/\/xn--psychothrapie-valence-i5b.fr\/index.php\/mentions-legales\/","name":"Mentions l\u00e9gales - Ma\u00eblle Psychopraticienne certifi\u00e9e","isPartOf":{"@id":"https:\/\/xn--psychothrapie-valence-i5b.fr\/#website"},"datePublished":"2023-12-14T13:11:40+00:00","dateModified":"2024-01-22T09:42:57+00:00","breadcrumb":{"@id":"https:\/\/xn--psychothrapie-valence-i5b.fr\/index.php\/mentions-legales\/#breadcrumb"},"inLanguage":"fr-FR","potentialAction":[{"@type":"ReadAction","target":["https:\/\/xn--psychothrapie-valence-i5b.fr\/index.php\/mentions-legales\/"]}]},{"@type":"BreadcrumbList","@id":"https:\/\/xn--psychothrapie-valence-i5b.fr\/index.php\/mentions-legales\/#breadcrumb","itemListElement":[{"@type":"ListItem","position":1,"name":"Accueil","item":"https:\/\/xn--psychothrapie-valence-i5b.fr\/"},{"@type":"ListItem","position":2,"name":"Mentions l\u00e9gales"}]},{"@type":"WebSite","@id":"https:\/\/xn--psychothrapie-valence-i5b.fr\/#website","url":"https:\/\/xn--psychothrapie-valence-i5b.fr\/","name":"Ma\u00eblle Psychopraticienne certifi\u00e9e","description":"","publisher":{"@id":"https:\/\/xn--psychothrapie-valence-i5b.fr\/#\/schema\/person\/221ae9dcd07fc25115b495a02707a9c9"},"potentialAction":[{"@type":"SearchAction","target":{"@type":"EntryPoint","urlTemplate":"https:\/\/xn--psychothrapie-valence-i5b.fr\/?s={search_term_string}"},"query-input":"required name=search_term_string"}],"inLanguage":"fr-FR"},{"@type":["Person","Organization"],"@id":"https:\/\/xn--psychothrapie-valence-i5b.fr\/#\/schema\/person\/221ae9dcd07fc25115b495a02707a9c9","name":"xn--psychothrapie-valence-i5b.fr","image":{"@type":"ImageObject","inLanguage":"fr-FR","@id":"https:\/\/xn--psychothrapie-valence-i5b.fr\/#\/schema\/person\/image\/","url":"https:\/\/xn--psychothrapie-valence-i5b.fr\/wp-content\/uploads\/2023\/12\/illustration_sans_titre-edited.png","contentUrl":"https:\/\/xn--psychothrapie-valence-i5b.fr\/wp-content\/uploads\/2023\/12\/illustration_sans_titre-edited.png","width":751,"height":563,"caption":"xn--psychothrapie-valence-i5b.fr"},"logo":{"@id":"https:\/\/xn--psychothrapie-valence-i5b.fr\/#\/schema\/person\/image\/"},"sameAs":["https:\/\/xn--psychothrapie-valence-i5b.fr"]}]}},"jetpack_sharing_enabled":true,"_links":{"self":[{"href":"https:\/\/xn--psychothrapie-valence-i5b.fr\/index.php\/wp-json\/wp\/v2\/pages\/122","targetHints":{"allow":["GET"]}}],"collection":[{"href":"https:\/\/xn--psychothrapie-valence-i5b.fr\/index.php\/wp-json\/wp\/v2\/pages"}],"about":[{"href":"https:\/\/xn--psychothrapie-valence-i5b.fr\/index.php\/wp-json\/wp\/v2\/types\/page"}],"author":[{"embeddable":true,"href":"https:\/\/xn--psychothrapie-valence-i5b.fr\/index.php\/wp-json\/wp\/v2\/users\/1"}],"replies":[{"embeddable":true,"href":"https:\/\/xn--psychothrapie-valence-i5b.fr\/index.php\/wp-json\/wp\/v2\/comments?post=122"}],"version-history":[{"count":13,"href":"https:\/\/xn--psychothrapie-valence-i5b.fr\/index.php\/wp-json\/wp\/v2\/pages\/122\/revisions"}],"predecessor-version":[{"id":2219,"href":"https:\/\/xn--psychothrapie-valence-i5b.fr\/index.php\/wp-json\/wp\/v2\/pages\/122\/revisions\/2219"}],"wp:attachment":[{"href":"https:\/\/xn--psychothrapie-valence-i5b.fr\/index.php\/wp-json\/wp\/v2\/media?parent=122"}],"curies":[{"name":"wp","href":"https:\/\/api.w.org\/{rel}","templated":true}]}}